{"id":138,"date":"2023-06-02T11:48:13","date_gmt":"2023-06-02T11:48:13","guid":{"rendered":"https:\/\/construccionesmoga.com\/?page_id=138"},"modified":"2023-06-09T14:37:06","modified_gmt":"2023-06-09T14:37:06","slug":"qui-som","status":"publish","type":"page","link":"https:\/\/construccionesmoga.com\/es\/qui-som\/","title":{"rendered":"QUIENES SOMOS"},"content":{"rendered":"\t\t<div data-elementor-type=\"wp-page\" data-elementor-id=\"138\" class=\"elementor elementor-138\" data-elementor-post-type=\"page\">\n\t\t\t\t\t\t<section class=\"elementor-section elementor-top-section elementor-element elementor-element-0d86c0c elementor-section-full_width elementor-section-height-default elementor-section-height-default\" data-id=\"0d86c0c\" data-element_type=\"section\" data-e-type=\"section\">\n\t\t\t\t\t\t<div class=\"elementor-container elementor-column-gap-no\">\n\t\t\t\t\t<div class=\"elementor-column elementor-col-50 elementor-top-column elementor-element elementor-element-6c2df67\" data-id=\"6c2df67\" data-element_type=\"column\" data-e-type=\"column\">\n\t\t\t<div class=\"elementor-widget-wrap elementor-element-populated\">\n\t\t\t\t\t\t<div class=\"elementor-element elementor-element-260baa9 elementor-widget__width-initial elementor-widget-tablet__width-initial elementor-widget-mobile__width-initial elementor-widget-divider--view-line elementor-widget elementor-widget-divider\" data-id=\"260baa9\" data-element_type=\"widget\" data-e-type=\"widget\" data-settings=\"{&quot;motion_fx_motion_fx_scrolling&quot;:&quot;yes&quot;,&quot;motion_fx_scale_effect&quot;:&quot;yes&quot;,&quot;motion_fx_scale_direction&quot;:&quot;in-out-in&quot;,&quot;motion_fx_scale_speed&quot;:{&quot;unit&quot;:&quot;px&quot;,&quot;size&quot;:-4,&quot;sizes&quot;:[]},&quot;motion_fx_scale_range&quot;:{&quot;unit&quot;:&quot;%&quot;,&quot;size&quot;:&quot;&quot;,&quot;sizes&quot;:{&quot;start&quot;:35,&quot;end&quot;:80}},&quot;motion_fx_devices&quot;:[&quot;desktop&quot;,&quot;tablet&quot;,&quot;mobile&quot;]}\" data-widget_type=\"divider.default\">\n\t\t\t\t<div class=\"elementor-widget-container\">\n\t\t\t\t\t\t\t<div class=\"elementor-divider\">\n\t\t\t<span class=\"elementor-divider-separator\">\n\t\t\t\t\t\t<\/span>\n\t\t<\/div>\n\t\t\t\t\t\t<\/div>\n\t\t\t\t<\/div>\n\t\t\t\t<div class=\"elementor-element elementor-element-28fc220 elementor-widget elementor-widget-heading\" data-id=\"28fc220\" data-element_type=\"widget\" data-e-type=\"widget\" data-settings=\"{&quot;motion_fx_motion_fx_scrolling&quot;:&quot;yes&quot;,&quot;motion_fx_scale_effect&quot;:&quot;yes&quot;,&quot;motion_fx_scale_speed&quot;:{&quot;unit&quot;:&quot;px&quot;,&quot;size&quot;:-4,&quot;sizes&quot;:[]},&quot;motion_fx_scale_range&quot;:{&quot;unit&quot;:&quot;%&quot;,&quot;size&quot;:&quot;&quot;,&quot;sizes&quot;:{&quot;start&quot;:73,&quot;end&quot;:100}},&quot;motion_fx_scale_direction&quot;:&quot;out-in&quot;,&quot;motion_fx_devices&quot;:[&quot;desktop&quot;,&quot;tablet&quot;,&quot;mobile&quot;]}\" data-widget_type=\"heading.default\">\n\t\t\t\t<div class=\"elementor-widget-container\">\n\t\t\t\t\t<h1 class=\"elementor-heading-title elementor-size-default\">La nostra experi\u00e8ncia com a segell de garantia<\/h1>\t\t\t\t<\/div>\n\t\t\t\t<\/div>\n\t\t\t\t<div class=\"elementor-element elementor-element-e183f90 elementor-widget__width-initial animated-slow elementor-widget-mobile__width-inherit elementor-invisible elementor-widget elementor-widget-text-editor\" data-id=\"e183f90\" data-element_type=\"widget\" data-e-type=\"widget\" data-settings=\"{&quot;_animation&quot;:&quot;fadeInUp&quot;}\" data-widget_type=\"text-editor.default\">\n\t\t\t\t<div class=\"elementor-widget-container\">\n\t\t\t\t\t\t\t\t\t<p><strong>CONSTRUCCIONES MOGA SOLUCIONES S.L<\/strong>. \u00e9s un Empresa de construcci\u00f3 de refer\u00e8ncia en el rehabilitaci\u00f3, adaptaci\u00f3 de vivendes i prestaci\u00f3 de solucions orientades al benestar dels ciutadans, al progr\u00e9s de la societat i al desenvolupament sostenible, a trav\u00e9s de la seva llarga traject\u00f2ria en el sector de la construcci\u00f3.<\/p><p>Empresa de 3\u00aa generaci\u00f3, <strong>CONSTRUCCIONES MOGA SOLUCIONES S.L.<\/strong> duu a terme projectes de qualitat, estant altament qualificada per a desenvolupar els tres tipus d&#8217;obra que executa en l&#8217;actualitat: obra civil, edificaci\u00f3 i obra industrial.<\/p>\t\t\t\t\t\t\t\t<\/div>\n\t\t\t\t<\/div>\n\t\t\t\t<div class=\"elementor-element elementor-element-fb1913e elementor-widget elementor-widget-spacer\" data-id=\"fb1913e\" data-element_type=\"widget\" data-e-type=\"widget\" data-widget_type=\"spacer.default\">\n\t\t\t\t<div class=\"elementor-widget-container\">\n\t\t\t\t\t\t\t<div class=\"elementor-spacer\">\n\t\t\t<div class=\"elementor-spacer-inner\"><\/div>\n\t\t<\/div>\n\t\t\t\t\t\t<\/div>\n\t\t\t\t<\/div>\n\t\t\t\t<div class=\"elementor-element elementor-element-0e239b0 elementor-icon-list--layout-traditional elementor-list-item-link-full_width elementor-widget elementor-widget-icon-list\" data-id=\"0e239b0\" data-element_type=\"widget\" data-e-type=\"widget\" data-widget_type=\"icon-list.default\">\n\t\t\t\t<div class=\"elementor-widget-container\">\n\t\t\t\t\t\t\t<ul class=\"elementor-icon-list-items\">\n\t\t\t\t\t\t\t<li class=\"elementor-icon-list-item\">\n\t\t\t\t\t\t\t\t\t\t\t<span class=\"elementor-icon-list-icon\">\n\t\t\t\t\t\t\t<i aria-hidden=\"true\" class=\"fas fa-check\"><\/i>\t\t\t\t\t\t<\/span>\n\t\t\t\t\t\t\t\t\t\t<span class=\"elementor-icon-list-text\">Calitat<\/span>\n\t\t\t\t\t\t\t\t\t<\/li>\n\t\t\t\t\t\t\t\t<li class=\"elementor-icon-list-item\">\n\t\t\t\t\t\t\t\t\t\t\t<span class=\"elementor-icon-list-icon\">\n\t\t\t\t\t\t\t<i aria-hidden=\"true\" class=\"fas fa-check\"><\/i>\t\t\t\t\t\t<\/span>\n\t\t\t\t\t\t\t\t\t\t<span class=\"elementor-icon-list-text\">Garantia<\/span>\n\t\t\t\t\t\t\t\t\t<\/li>\n\t\t\t\t\t\t\t\t<li class=\"elementor-icon-list-item\">\n\t\t\t\t\t\t\t\t\t\t\t<span class=\"elementor-icon-list-icon\">\n\t\t\t\t\t\t\t<i aria-hidden=\"true\" class=\"fas fa-check\"><\/i>\t\t\t\t\t\t<\/span>\n\t\t\t\t\t\t\t\t\t\t<span class=\"elementor-icon-list-text\">Experiencia<\/span>\n\t\t\t\t\t\t\t\t\t<\/li>\n\t\t\t\t\t\t\t\t<li class=\"elementor-icon-list-item\">\n\t\t\t\t\t\t\t\t\t\t\t<span class=\"elementor-icon-list-icon\">\n\t\t\t\t\t\t\t<i aria-hidden=\"true\" class=\"fas fa-check\"><\/i>\t\t\t\t\t\t<\/span>\n\t\t\t\t\t\t\t\t\t\t<span class=\"elementor-icon-list-text\">Rigor Professional<\/span>\n\t\t\t\t\t\t\t\t\t<\/li>\n\t\t\t\t\t\t<\/ul>\n\t\t\t\t\t\t<\/div>\n\t\t\t\t<\/div>\n\t\t\t\t<div class=\"elementor-element elementor-element-9e6294b elementor-widget elementor-widget-spacer\" data-id=\"9e6294b\" data-element_type=\"widget\" data-e-type=\"widget\" data-widget_type=\"spacer.default\">\n\t\t\t\t<div class=\"elementor-widget-container\">\n\t\t\t\t\t\t\t<div class=\"elementor-spacer\">\n\t\t\t<div class=\"elementor-spacer-inner\"><\/div>\n\t\t<\/div>\n\t\t\t\t\t\t<\/div>\n\t\t\t\t<\/div>\n\t\t\t\t\t<\/div>\n\t\t<\/div>\n\t\t\t\t<div class=\"elementor-column elementor-col-50 elementor-top-column elementor-element elementor-element-668c602\" data-id=\"668c602\" data-element_type=\"column\" data-e-type=\"column\">\n\t\t\t<div class=\"elementor-widget-wrap elementor-element-populated\">\n\t\t\t\t\t\t<div class=\"elementor-element elementor-element-425a696 elementor-widget-tablet__width-inherit elementor-widget elementor-widget-image\" data-id=\"425a696\" data-element_type=\"widget\" data-e-type=\"widget\" data-widget_type=\"image.default\">\n\t\t\t\t<div class=\"elementor-widget-container\">\n\t\t\t\t\t\t\t\t\t\t\t\t\t\t\t<img fetchpriority=\"high\" decoding=\"async\" width=\"1373\" height=\"917\" src=\"https:\/\/construccionesmoga.com\/wp-content\/uploads\/2023\/06\/shutterstock_723993466.jpg\" class=\"attachment-full size-full wp-image-225\" alt=\"silueta equipo construcci\u00f3n\" srcset=\"https:\/\/construccionesmoga.com\/wp-content\/uploads\/2023\/06\/shutterstock_723993466.jpg 1373w, https:\/\/construccionesmoga.com\/wp-content\/uploads\/2023\/06\/shutterstock_723993466-300x200.jpg 300w, https:\/\/construccionesmoga.com\/wp-content\/uploads\/2023\/06\/shutterstock_723993466-1024x684.jpg 1024w, https:\/\/construccionesmoga.com\/wp-content\/uploads\/2023\/06\/shutterstock_723993466-768x513.jpg 768w, https:\/\/construccionesmoga.com\/wp-content\/uploads\/2023\/06\/shutterstock_723993466-18x12.jpg 18w\" sizes=\"(max-width: 1373px) 100vw, 1373px\" \/>\t\t\t\t\t\t\t\t\t\t\t\t\t\t\t<\/div>\n\t\t\t\t<\/div>\n\t\t\t\t<div class=\"elementor-element elementor-element-b10fd96 elementor-widget elementor-widget-spacer\" data-id=\"b10fd96\" data-element_type=\"widget\" data-e-type=\"widget\" data-widget_type=\"spacer.default\">\n\t\t\t\t<div class=\"elementor-widget-container\">\n\t\t\t\t\t\t\t<div class=\"elementor-spacer\">\n\t\t\t<div class=\"elementor-spacer-inner\"><\/div>\n\t\t<\/div>\n\t\t\t\t\t\t<\/div>\n\t\t\t\t<\/div>\n\t\t\t\t\t<\/div>\n\t\t<\/div>\n\t\t\t\t\t<\/div>\n\t\t<\/section>\n\t\t\t\t<section class=\"elementor-section elementor-top-section elementor-element elementor-element-14757403 elementor-section-content-middle elementor-section-boxed elementor-section-height-default elementor-section-height-default\" data-id=\"14757403\" data-element_type=\"section\" data-e-type=\"section\" data-settings=\"{&quot;background_background&quot;:&quot;classic&quot;}\">\n\t\t\t\t\t\t<div class=\"elementor-container elementor-column-gap-no\">\n\t\t\t\t\t<div class=\"elementor-column elementor-col-100 elementor-top-column elementor-element elementor-element-63b82ae8\" data-id=\"63b82ae8\" data-element_type=\"column\" data-e-type=\"column\">\n\t\t\t<div class=\"elementor-widget-wrap elementor-element-populated\">\n\t\t\t\t\t\t<div class=\"elementor-element elementor-element-3182f098 elementor-widget elementor-widget-heading\" data-id=\"3182f098\" data-element_type=\"widget\" data-e-type=\"widget\" data-widget_type=\"heading.default\">\n\t\t\t\t<div class=\"elementor-widget-container\">\n\t\t\t\t\t<h2 class=\"elementor-heading-title elementor-size-default\">Descobreix el que diuen de nosaltres<\/h2>\t\t\t\t<\/div>\n\t\t\t\t<\/div>\n\t\t\t\t<div class=\"elementor-element elementor-element-6de6a068 elementor-testimonial--layout-image_stacked elementor-testimonial--skin-default elementor-testimonial--align-center elementor-arrows-yes elementor-widget elementor-widget-testimonial-carousel\" data-id=\"6de6a068\" data-element_type=\"widget\" data-e-type=\"widget\" data-settings=\"{&quot;space_between&quot;:{&quot;unit&quot;:&quot;px&quot;,&quot;size&quot;:0,&quot;sizes&quot;:[]},&quot;show_arrows&quot;:&quot;yes&quot;,&quot;speed&quot;:500,&quot;autoplay&quot;:&quot;yes&quot;,&quot;autoplay_speed&quot;:5000,&quot;loop&quot;:&quot;yes&quot;,&quot;pause_on_hover&quot;:&quot;yes&quot;,&quot;pause_on_interaction&quot;:&quot;yes&quot;,&quot;space_between_tablet&quot;:{&quot;unit&quot;:&quot;px&quot;,&quot;size&quot;:10,&quot;sizes&quot;:[]},&quot;space_between_mobile&quot;:{&quot;unit&quot;:&quot;px&quot;,&quot;size&quot;:10,&quot;sizes&quot;:[]}}\" data-widget_type=\"testimonial-carousel.default\">\n\t\t\t\t<div class=\"elementor-widget-container\">\n\t\t\t\t\t\t\t\t\t<div class=\"elementor-swiper\">\n\t\t\t\t\t<div class=\"elementor-main-swiper swiper\" role=\"region\" aria-roledescription=\"carousel\" aria-label=\"Diapositives\">\n\t\t\t\t<div class=\"swiper-wrapper\">\n\t\t\t\t\t\t\t\t\t\t\t<div class=\"swiper-slide\" role=\"group\" aria-roledescription=\"slide\">\n\t\t\t\t\t\t\t\t\t<div class=\"elementor-testimonial\">\n\t\t\t\t\t\t\t<div class=\"elementor-testimonial__content\">\n\t\t\t\t\t<div class=\"elementor-testimonial__text\">\n\t\t\t\t\t\t\"Empresa muy seria y formal. Nos ofrecieron la soluci\u00f3n y estamos encantados con el resultado. 100% recomendable!\"\t\t\t\t\t<\/div>\n\t\t\t\t\t\t\t\t\t<\/div>\n\t\t\t\t\t\t<div class=\"elementor-testimonial__footer\">\n\t\t\t\t\t\t\t\t<cite class=\"elementor-testimonial__cite\"><span class=\"elementor-testimonial__name\">Olga Ll.<\/span><\/cite>\t\t\t<\/div>\n\t\t<\/div>\n\t\t\t\t\t\t\t\t<\/div>\n\t\t\t\t\t\t\t\t\t\t\t<div class=\"swiper-slide\" role=\"group\" aria-roledescription=\"slide\">\n\t\t\t\t\t\t\t\t\t<div class=\"elementor-testimonial\">\n\t\t\t\t\t\t\t<div class=\"elementor-testimonial__content\">\n\t\t\t\t\t<div class=\"elementor-testimonial__text\">\n\t\t\t\t\t\t\"Empresa muy seria y muy reconocida, justo lo que nos hab\u00edan dicho.\"\t\t\t\t\t<\/div>\n\t\t\t\t\t\t\t\t\t<\/div>\n\t\t\t\t\t\t<div class=\"elementor-testimonial__footer\">\n\t\t\t\t\t\t\t\t<cite class=\"elementor-testimonial__cite\"><span class=\"elementor-testimonial__name\">Manel<\/span><\/cite>\t\t\t<\/div>\n\t\t<\/div>\n\t\t\t\t\t\t\t\t<\/div>\n\t\t\t\t\t\t\t\t\t<\/div>\n\t\t\t\t\t\t\t\t\t\t\t\t\t\t\t<div class=\"elementor-swiper-button elementor-swiper-button-prev\" role=\"button\" tabindex=\"0\" aria-label=\"Previous\">\n\t\t\t\t\t\t\t<i aria-hidden=\"true\" class=\"eicon-chevron-left\"><\/i>\t\t\t\t\t\t<\/div>\n\t\t\t\t\t\t<div class=\"elementor-swiper-button elementor-swiper-button-next\" role=\"button\" tabindex=\"0\" aria-label=\"Next\">\n\t\t\t\t\t\t\t<i aria-hidden=\"true\" class=\"eicon-chevron-right\"><\/i>\t\t\t\t\t\t<\/div>\n\t\t\t\t\t\t\t\t\t\t\t\t\t\t\t\t\t<\/div>\n\t\t\t\t<\/div>\n\t\t\t\t\t\t\t\t<\/div>\n\t\t\t\t<\/div>\n\t\t\t\t\t<\/div>\n\t\t<\/div>\n\t\t\t\t\t<\/div>\n\t\t<\/section>\n\t\t\t\t<\/div>\n\t\t","protected":false},"excerpt":{"rendered":"<p>La nostra experi\u00e8ncia com a segell de garantia CONSTRUCCIONES MOGA SOLUCIONES S.L. \u00e9s un Empresa de construcci\u00f3 de refer\u00e8ncia en el rehabilitaci\u00f3, adaptaci\u00f3 de vivendes i prestaci\u00f3 de solucions orientades al benestar dels ciutadans, al progr\u00e9s de la societat i al desenvolupament sostenible, a trav\u00e9s de la seva llarga traject\u00f2ria en el sector de la [&hellip;]<\/p>\n","protected":false},"author":2,"featured_media":0,"parent":0,"menu_order":0,"comment_status":"closed","ping_status":"closed","template":"elementor_header_footer","meta":{"footnotes":""},"class_list":["post-138","page","type-page","status-publish","hentry"],"yoast_head":"<!-- This site is optimized with the Yoast SEO plugin v27.4 - https:\/\/yoast.com\/product\/yoast-seo-wordpress\/ -->\n<title>QUI SOM - Construcciones Moga Soluciones S.L.<\/title>\n<meta name=\"description\" content=\"Empresa de construcci\u00f3n de referencia en el rehabilitaci\u00f3n, adaptaci\u00f3n de viviendas y prestaci\u00f3n de soluciones orientadas al bienestar de los ciudadanos.\" \/>\n<meta name=\"robots\" content=\"index, follow, max-snippet:-1, max-image-preview:large, max-video-preview:-1\" \/>\n<link rel=\"canonical\" href=\"https:\/\/construccionesmoga.com\/es\/qui-som\/\" \/>\n<meta property=\"og:locale\" content=\"es_ES\" \/>\n<meta property=\"og:type\" content=\"article\" \/>\n<meta property=\"og:title\" content=\"QUI SOM - Construcciones Moga Soluciones S.L.\" \/>\n<meta property=\"og:description\" content=\"Empresa de construcci\u00f3n de referencia en el rehabilitaci\u00f3n, adaptaci\u00f3n de viviendas y prestaci\u00f3n de soluciones orientadas al bienestar de los ciudadanos.\" \/>\n<meta property=\"og:url\" content=\"https:\/\/construccionesmoga.com\/es\/qui-som\/\" \/>\n<meta property=\"og:site_name\" content=\"Construcciones Moga Soluciones S.L.\" \/>\n<meta property=\"article:modified_time\" content=\"2023-06-09T14:37:06+00:00\" \/>\n<meta property=\"og:image\" content=\"https:\/\/construccionesmoga.com\/wp-content\/uploads\/2023\/06\/shutterstock_723993466.jpg\" \/>\n<meta name=\"twitter:card\" content=\"summary_large_image\" \/>\n<meta name=\"twitter:label1\" content=\"Tiempo de lectura\" \/>\n\t<meta name=\"twitter:data1\" content=\"1 minuto\" \/>\n<script type=\"application\/ld+json\" class=\"yoast-schema-graph\">{\"@context\":\"https:\\\/\\\/schema.org\",\"@graph\":[{\"@type\":\"WebPage\",\"@id\":\"https:\\\/\\\/construccionesmoga.com\\\/qui-som\\\/\",\"url\":\"https:\\\/\\\/construccionesmoga.com\\\/qui-som\\\/\",\"name\":\"QUI SOM - Construcciones Moga Soluciones S.L.\",\"isPartOf\":{\"@id\":\"https:\\\/\\\/construccionesmoga.com\\\/#website\"},\"primaryImageOfPage\":{\"@id\":\"https:\\\/\\\/construccionesmoga.com\\\/qui-som\\\/#primaryimage\"},\"image\":{\"@id\":\"https:\\\/\\\/construccionesmoga.com\\\/qui-som\\\/#primaryimage\"},\"thumbnailUrl\":\"https:\\\/\\\/construccionesmoga.com\\\/wp-content\\\/uploads\\\/2023\\\/06\\\/shutterstock_723993466.jpg\",\"datePublished\":\"2023-06-02T11:48:13+00:00\",\"dateModified\":\"2023-06-09T14:37:06+00:00\",\"description\":\"Empresa de construcci\u00f3n de referencia en el rehabilitaci\u00f3n, adaptaci\u00f3n de viviendas y prestaci\u00f3n de soluciones orientadas al bienestar de los ciudadanos.\",\"breadcrumb\":{\"@id\":\"https:\\\/\\\/construccionesmoga.com\\\/qui-som\\\/#breadcrumb\"},\"inLanguage\":\"es\",\"potentialAction\":[{\"@type\":\"ReadAction\",\"target\":[\"https:\\\/\\\/construccionesmoga.com\\\/qui-som\\\/\"]}]},{\"@type\":\"ImageObject\",\"inLanguage\":\"es\",\"@id\":\"https:\\\/\\\/construccionesmoga.com\\\/qui-som\\\/#primaryimage\",\"url\":\"https:\\\/\\\/construccionesmoga.com\\\/wp-content\\\/uploads\\\/2023\\\/06\\\/shutterstock_723993466.jpg\",\"contentUrl\":\"https:\\\/\\\/construccionesmoga.com\\\/wp-content\\\/uploads\\\/2023\\\/06\\\/shutterstock_723993466.jpg\"},{\"@type\":\"BreadcrumbList\",\"@id\":\"https:\\\/\\\/construccionesmoga.com\\\/qui-som\\\/#breadcrumb\",\"itemListElement\":[{\"@type\":\"ListItem\",\"position\":1,\"name\":\"Portada\",\"item\":\"https:\\\/\\\/construccionesmoga.com\\\/\"},{\"@type\":\"ListItem\",\"position\":2,\"name\":\"QUI SOM\"}]},{\"@type\":\"WebSite\",\"@id\":\"https:\\\/\\\/construccionesmoga.com\\\/#website\",\"url\":\"https:\\\/\\\/construccionesmoga.com\\\/\",\"name\":\"Construcciones Moga Soluciones S.L.\",\"description\":\"Empresa de construcci\u00f3n\",\"publisher\":{\"@id\":\"https:\\\/\\\/construccionesmoga.com\\\/#organization\"},\"potentialAction\":[{\"@type\":\"SearchAction\",\"target\":{\"@type\":\"EntryPoint\",\"urlTemplate\":\"https:\\\/\\\/construccionesmoga.com\\\/?s={search_term_string}\"},\"query-input\":{\"@type\":\"PropertyValueSpecification\",\"valueRequired\":true,\"valueName\":\"search_term_string\"}}],\"inLanguage\":\"es\"},{\"@type\":\"Organization\",\"@id\":\"https:\\\/\\\/construccionesmoga.com\\\/#organization\",\"name\":\"Construcciones Moga Soluciones S.L.\",\"url\":\"https:\\\/\\\/construccionesmoga.com\\\/\",\"logo\":{\"@type\":\"ImageObject\",\"inLanguage\":\"es\",\"@id\":\"https:\\\/\\\/construccionesmoga.com\\\/#\\\/schema\\\/logo\\\/image\\\/\",\"url\":\"https:\\\/\\\/construccionesmoga.com\\\/wp-content\\\/uploads\\\/2023\\\/05\\\/Captura-de-Pantalla-2023-05-19-a-las-23.30.12.png\",\"contentUrl\":\"https:\\\/\\\/construccionesmoga.com\\\/wp-content\\\/uploads\\\/2023\\\/05\\\/Captura-de-Pantalla-2023-05-19-a-las-23.30.12.png\",\"width\":452,\"height\":226,\"caption\":\"Construcciones Moga Soluciones S.L.\"},\"image\":{\"@id\":\"https:\\\/\\\/construccionesmoga.com\\\/#\\\/schema\\\/logo\\\/image\\\/\"}}]}<\/script>\n<!-- \/ Yoast SEO plugin. -->","yoast_head_json":{"title":"QUI SOM - Construcciones Moga Soluciones S.L.","description":"Empresa de construcci\u00f3n de referencia en el rehabilitaci\u00f3n, adaptaci\u00f3n de viviendas y prestaci\u00f3n de soluciones orientadas al bienestar de los ciudadanos.","robots":{"index":"index","follow":"follow","max-snippet":"max-snippet:-1","max-image-preview":"max-image-preview:large","max-video-preview":"max-video-preview:-1"},"canonical":"https:\/\/construccionesmoga.com\/es\/qui-som\/","og_locale":"es_ES","og_type":"article","og_title":"QUI SOM - Construcciones Moga Soluciones S.L.","og_description":"Empresa de construcci\u00f3n de referencia en el rehabilitaci\u00f3n, adaptaci\u00f3n de viviendas y prestaci\u00f3n de soluciones orientadas al bienestar de los ciudadanos.","og_url":"https:\/\/construccionesmoga.com\/es\/qui-som\/","og_site_name":"Construcciones Moga Soluciones S.L.","article_modified_time":"2023-06-09T14:37:06+00:00","og_image":[{"url":"https:\/\/construccionesmoga.com\/wp-content\/uploads\/2023\/06\/shutterstock_723993466.jpg","type":"","width":"","height":""}],"twitter_card":"summary_large_image","twitter_misc":{"Tiempo de lectura":"1 minuto"},"schema":{"@context":"https:\/\/schema.org","@graph":[{"@type":"WebPage","@id":"https:\/\/construccionesmoga.com\/qui-som\/","url":"https:\/\/construccionesmoga.com\/qui-som\/","name":"QUI SOM - Construcciones Moga Soluciones S.L.","isPartOf":{"@id":"https:\/\/construccionesmoga.com\/#website"},"primaryImageOfPage":{"@id":"https:\/\/construccionesmoga.com\/qui-som\/#primaryimage"},"image":{"@id":"https:\/\/construccionesmoga.com\/qui-som\/#primaryimage"},"thumbnailUrl":"https:\/\/construccionesmoga.com\/wp-content\/uploads\/2023\/06\/shutterstock_723993466.jpg","datePublished":"2023-06-02T11:48:13+00:00","dateModified":"2023-06-09T14:37:06+00:00","description":"Empresa de construcci\u00f3n de referencia en el rehabilitaci\u00f3n, adaptaci\u00f3n de viviendas y prestaci\u00f3n de soluciones orientadas al bienestar de los ciudadanos.","breadcrumb":{"@id":"https:\/\/construccionesmoga.com\/qui-som\/#breadcrumb"},"inLanguage":"es","potentialAction":[{"@type":"ReadAction","target":["https:\/\/construccionesmoga.com\/qui-som\/"]}]},{"@type":"ImageObject","inLanguage":"es","@id":"https:\/\/construccionesmoga.com\/qui-som\/#primaryimage","url":"https:\/\/construccionesmoga.com\/wp-content\/uploads\/2023\/06\/shutterstock_723993466.jpg","contentUrl":"https:\/\/construccionesmoga.com\/wp-content\/uploads\/2023\/06\/shutterstock_723993466.jpg"},{"@type":"BreadcrumbList","@id":"https:\/\/construccionesmoga.com\/qui-som\/#breadcrumb","itemListElement":[{"@type":"ListItem","position":1,"name":"Portada","item":"https:\/\/construccionesmoga.com\/"},{"@type":"ListItem","position":2,"name":"QUI SOM"}]},{"@type":"WebSite","@id":"https:\/\/construccionesmoga.com\/#website","url":"https:\/\/construccionesmoga.com\/","name":"Construcciones Moga Soluciones S.L.","description":"Empresa de construcci\u00f3n","publisher":{"@id":"https:\/\/construccionesmoga.com\/#organization"},"potentialAction":[{"@type":"SearchAction","target":{"@type":"EntryPoint","urlTemplate":"https:\/\/construccionesmoga.com\/?s={search_term_string}"},"query-input":{"@type":"PropertyValueSpecification","valueRequired":true,"valueName":"search_term_string"}}],"inLanguage":"es"},{"@type":"Organization","@id":"https:\/\/construccionesmoga.com\/#organization","name":"Construcciones Moga Soluciones S.L.","url":"https:\/\/construccionesmoga.com\/","logo":{"@type":"ImageObject","inLanguage":"es","@id":"https:\/\/construccionesmoga.com\/#\/schema\/logo\/image\/","url":"https:\/\/construccionesmoga.com\/wp-content\/uploads\/2023\/05\/Captura-de-Pantalla-2023-05-19-a-las-23.30.12.png","contentUrl":"https:\/\/construccionesmoga.com\/wp-content\/uploads\/2023\/05\/Captura-de-Pantalla-2023-05-19-a-las-23.30.12.png","width":452,"height":226,"caption":"Construcciones Moga Soluciones S.L."},"image":{"@id":"https:\/\/construccionesmoga.com\/#\/schema\/logo\/image\/"}}]}},"_links":{"self":[{"href":"https:\/\/construccionesmoga.com\/es\/wp-json\/wp\/v2\/pages\/138","targetHints":{"allow":["GET"]}}],"collection":[{"href":"https:\/\/construccionesmoga.com\/es\/wp-json\/wp\/v2\/pages"}],"about":[{"href":"https:\/\/construccionesmoga.com\/es\/wp-json\/wp\/v2\/types\/page"}],"author":[{"embeddable":true,"href":"https:\/\/construccionesmoga.com\/es\/wp-json\/wp\/v2\/users\/2"}],"replies":[{"embeddable":true,"href":"https:\/\/construccionesmoga.com\/es\/wp-json\/wp\/v2\/comments?post=138"}],"version-history":[{"count":50,"href":"https:\/\/construccionesmoga.com\/es\/wp-json\/wp\/v2\/pages\/138\/revisions"}],"predecessor-version":[{"id":385,"href":"https:\/\/construccionesmoga.com\/es\/wp-json\/wp\/v2\/pages\/138\/revisions\/385"}],"wp:attachment":[{"href":"https:\/\/construccionesmoga.com\/es\/wp-json\/wp\/v2\/media?parent=138"}],"curies":[{"name":"wp","href":"https:\/\/api.w.org\/{rel}","templated":true}]}}