{"id":3,"date":"2023-05-03T16:31:37","date_gmt":"2023-05-03T16:31:37","guid":{"rendered":"https:\/\/construccionesmoga.com\/?page_id=3"},"modified":"2023-06-05T11:54:49","modified_gmt":"2023-06-05T11:54:49","slug":"avis-legal","status":"publish","type":"page","link":"https:\/\/construccionesmoga.com\/es\/avis-legal\/","title":{"rendered":"Aviso legal"},"content":{"rendered":"<div data-elementor-type=\"wp-page\" data-elementor-id=\"3\" class=\"elementor elementor-3\" data-elementor-post-type=\"page\">\n\t\t\t\t\t\t<section class=\"elementor-section elementor-top-section elementor-element elementor-element-6675749e elementor-section-boxed elementor-section-height-default elementor-section-height-default\" data-id=\"6675749e\" data-element_type=\"section\" data-e-type=\"section\">\n\t\t\t\t\t\t<div class=\"elementor-container elementor-column-gap-default\">\n\t\t\t\t\t<div class=\"elementor-column elementor-col-100 elementor-top-column elementor-element elementor-element-3f4de170\" data-id=\"3f4de170\" data-element_type=\"column\" data-e-type=\"column\">\n\t\t\t<div class=\"elementor-widget-wrap elementor-element-populated\">\n\t\t\t\t\t\t<div class=\"elementor-element elementor-element-356a4c81 elementor-widget elementor-widget-text-editor\" data-id=\"356a4c81\" data-element_type=\"widget\" data-e-type=\"widget\" data-widget_type=\"text-editor.default\">\n\t\t\t\t<div class=\"elementor-widget-container\">\n\t\t\t\t\t\t\t\t\t<h3>Av\u00eds legal<\/h3><h3>Llei dels Serveis de la Societat de la Informaci\u00f3 (LSSI)<\/h3><p>Construcciones Moga Soluciones S.L., responsable del lloc web, d\u2019ara endavant RESPONSABLE, posa a la disposici\u00f3 dels usuaris el present document, amb el qual pret\u00e9n donar compliment a les obligacions disposades en la Llei 34\/2002, d\u201911 de juliol, de Serveis de la Societat de la Informaci\u00f3 i de Comer\u00e7 Electr\u00f2nic (LSSICE), BOE N\u00fam. 166, aix\u00ed com informar a tots els usuaris del lloc web respecte a quins s\u00f3n la condicions d\u2019\u00fas.<\/p><p>Tota persona que accedeixi a aquest lloc web assumeix el paper d\u2019usuari, comprometent-se a l\u2019observan\u00e7a i compliment rigor\u00f3s de les disposicions aqu\u00ed disposades, aix\u00ed com a qualsevol altra disposici\u00f3 legal que fos aplicable.<\/p><p><span style=\"color: var( --e-global-color-text ); font-family: var( --e-global-typography-text-font-family ), Sans-serif; font-weight: var( --e-global-typography-text-font-weight ); font-size: 1rem;\">Construcciones Moga Soluciones S.L<\/span>\u00a0es reserva el dret de modificar qualsevol tipus d\u2019informaci\u00f3 que pogu\u00e9s apar\u00e8ixer en el lloc web, sense que existeixi obligaci\u00f3 de preavisar o posar en coneixement dels usuaris aquestes obligacions, entenent-se com a suficient amb la publicaci\u00f3 en el lloc web d\u2019\u00a0<span style=\"color: var( --e-global-color-text ); font-family: var( --e-global-typography-text-font-family ), Sans-serif; font-weight: var( --e-global-typography-text-font-weight ); font-size: 1rem;\">Construcciones Moga Soluciones S.L<\/span><\/p><p>1. Dades identificatives<br \/>Nom de domini: construccionesmoga.com<br \/>Nom comercial: Construcciones Moga Soluciones S.L<br \/>Denominaci\u00f3 social: Construcciones Moga Soluciones S.L<br \/>NIF:B67453159<br \/>Domicili social: Carrer Pau Casals n\u00b0 10, 08233 Vacarisses<br \/>Tel\u00e8fon: +34 658 900 562<br \/>Email: info@construccionesmoga.com<\/p><h3>2. Drets de propietat intel\u00b7lectual i industrial<\/h3><p>El lloc web, incloent-hi t\u00edtol enunciatiu per\u00f2 no limitatiu la seva programaci\u00f3, edici\u00f3, compilaci\u00f3 i altres elements necessaris per al seu funcionament, els dissenys, logotips, text i\/o gr\u00e0fics, s\u00f3n propietat del RESPONSABLE o, si \u00e9s el cas, disposa de llic\u00e8ncia o autoritzaci\u00f3 expressa per part dels autors. Tots els continguts del lloc web es troben degudament protegits per la normativa de propietat intel\u00b7lectual i industrial, aix\u00ed com inscrits en els registres p\u00fablics corresponents.<\/p><p>Independentment de la finalitat per a la qual fossin destinats, la reproducci\u00f3 total o parcial, \u00fas, explotaci\u00f3, distribuci\u00f3 i comercialitzaci\u00f3, requereix en tot cas de l\u2019autoritzaci\u00f3 escrita pr\u00e8via per part del RESPONSABLE. Qualsevol \u00fas no autoritzat pr\u00e8viament es considera un incompliment greu dels drets de propietat intel\u00b7lectual o industrial de l\u2019autor.<\/p><p>Els dissenys, logotips, text i\/o gr\u00e0fics aliens al RESPONSABLE i que poguessin apar\u00e8ixer en el lloc web, pertanyen als seus respectius propietaris, sent ells mateixos responsables de qualsevol possible controv\u00e8rsia que pogu\u00e9s suscitar-se respecte a aquests. El RESPONSABLE autoritza expressament al fet que tercers puguin redirigir directament als continguts concrets del lloc web, i en tot cas redirigir al lloc web principal de\u00a0Montfortauto.<\/p><p>El RESPONSABLE reconeix a favor dels seus titulars els corresponents drets de propietat intel\u00b7lectual i industrial, no implicant el seu sol esment o aparici\u00f3 en el lloc web l\u2019exist\u00e8ncia de drets o cap responsabilitat sobre aquests, com tampoc suport, patrocini o recomanaci\u00f3 per part d\u2019aquest.<\/p><p>Per a realitzar qualsevol tipus d\u2019observaci\u00f3 respecte a possibles incompliments dels drets de propietat intel\u00b7lectual o industrial, aix\u00ed com sobre qualsevol dels continguts del lloc web, pot fer-lo a trav\u00e9s del correu electr\u00f2nic Construcciones Moga Soluciones S.L.<\/p><h3>3. Exempci\u00f3 de responsabilitats<\/h3><p>El RESPONSABLE s\u2019eximeix de qualsevol tipus de responsabilitat derivada de la informaci\u00f3 publicada en el seu lloc web sempre que aquesta informaci\u00f3 hagi estat manipulada o introdu\u00efda per un tercer ali\u00e8 a aquest.<\/p><h3>\u00das de cookies<\/h3><p>Aquest lloc web pot utilitzar cookies t\u00e8cniques (petits arxius d\u2019informaci\u00f3 que el servidor envia a l\u2019ordinador de qui accedeix a la p\u00e0gina) per a dur a terme determinades funcions que s\u00f3n considerades imprescindibles per al correcte funcionament i visualitzaci\u00f3 del lloc. Les cookies utilitzades tenen, en tot cas, car\u00e0cter temporal, amb l\u2019\u00fanica finalitat de fer m\u00e9s efica\u00e7 la navegaci\u00f3, i desapareixen en acabar la sessi\u00f3 de l\u2019usuari. En cap cas, aquestes cookies proporcionen per si mateixes dades de car\u00e0cter personal i no s\u2019utilitzaran per a la recollida d\u2019aquests.<\/p><p>Mitjan\u00e7ant l\u2019\u00fas de cookies tamb\u00e9 \u00e9s possible que el servidor on es troba la web reconegui el navegador utilitzat per l\u2019usuari amb la finalitat que la navegaci\u00f3 sigui m\u00e9s senzilla, permetent per exemple, l\u2019acc\u00e9s dels usuaris que s\u2019hagin registrat pr\u00e8viament a les \u00e0rees, serveis, promocions o concursos reservats exclusivament a ells sense haver de registrar-se en cada visita. Tamb\u00e9 es poden utilitzar per a mesurar l\u2019audi\u00e8ncia, par\u00e0metres de tr\u00e0nsit, controlar el progr\u00e9s i nombre d\u2019entrades, etc, sent en aquests casos cookies prescindibles t\u00e8cnicament per\u00f2 beneficioses per a l\u2019usuari. Aquest lloc web no instal\u00b7lar\u00e0 cookies prescindibles sense el consentiment previ de l\u2019usuari.<\/p><p>L\u2019usuari t\u00e9 la possibilitat de configurar el seu navegador per a ser alertat de la recepci\u00f3 de cookies i per a impedir la seva instal\u00b7laci\u00f3 en el seu equip. Si us plau, consulti les instruccions del seu navegador per a ampliar aquesta informaci\u00f3.<\/p><h4>Pol\u00edtica d\u2019enlla\u00e7os<\/h4><p>Des del lloc web, \u00e9s possible que es redirijida a continguts de tercers llocs web. At\u00e8s que el RESPONSABLE no pot controlar sempre els continguts introdu\u00efts pels tercers en els seus respectius llocs web, no assumeix cap mena de responsabilitat respecte a aquests continguts. En tot cas, procedir\u00e0 a la retirada immediata de qualsevol contingut que pogu\u00e9s contravenir la legislaci\u00f3 nacional o internacional, la moral o l\u2019ordre p\u00fablic, procedint a la retirada immediata de la redirecci\u00f3 a aquest lloc web, posant en coneixement de les autoritats competents el contingut en q\u00fcesti\u00f3.<\/p><p>El RESPONSABLE no es fa responsable de la informaci\u00f3 i continguts emmagatzemats, a t\u00edtol enunciatiu per\u00f2 no limitatiu, en f\u00f2rums, xats, generadors de blogs, comentaris, xarxes socials o qualsevol altre mitj\u00e0 que permeti a tercers publicar continguts de manera independent en la p\u00e0gina web del RESPONSABLE. No obstant aix\u00f2, i en compliment del que es disposa en els articles 11 i 16 de la LSSICE, es posa a la disposici\u00f3 de tots els usuaris, autoritats i forces de seguretat, col\u00b7laborant de manera activa en la retirada o, en el seu cas, bloqueig de tots aquells continguts que puguin afectar o contravenir la legislaci\u00f3 nacional o internacional, els drets de tercers o la moral i l\u2019ordre p\u00fablic. En cas que l\u2019usuari consideri que existeix en el lloc web algun contingut que pogu\u00e9s ser susceptible d\u2019aquesta classificaci\u00f3, es prega el notifiqui de manera immediata a l\u2019administrador del lloc web.<\/p><p>Aquest lloc web ha estat revisat i provat perqu\u00e8 funcioni correctament. En principi, pot garantir-se el correcte funcionament els 365 dies de l\u2019any, 24 hores al dia. No obstant aix\u00f2, el RESPONSABLE no descarta la possibilitat que existeixin uns certs errors de programaci\u00f3, o que esdevinguin causes de for\u00e7a major, cat\u00e0strofes naturals, vagues o circumst\u00e0ncies semblants que facin impossible l\u2019acc\u00e9s a la p\u00e0gina web.<\/p><h3>Adreces IP<\/h3><p>Els servidors del lloc web podran detectar de manera autom\u00e0tica l\u2019adre\u00e7a IP i el nom de domini utilitzats per l\u2019usuari. Una adre\u00e7a IP \u00e9s un n\u00famero assignat autom\u00e0ticament a un ordinador quan aquest es connecta a Internet. Tota aquesta informaci\u00f3 \u00e9s registrada en un fitxer d\u2019activitat del servidor degudament inscrit que permet el posterior processament de les dades amb la finalitat d\u2019obtenir mesuraments \u00fanicament estad\u00edstics que permetin con\u00e8ixer el nombre d\u2019impressions de p\u00e0gines, el nombre de visites realitzades als servidors web, l\u2019ordre de visites, el punt d\u2019acc\u00e9s, etc.<\/p><h3>4. Llei aplicable i jurisdicci\u00f3<\/h3><p>Per a la resoluci\u00f3 de totes les controv\u00e8rsies o q\u00fcestions relacionades amb el present lloc web o de les activitats en ell desenvolupades, ser\u00e0 aplicable la legislaci\u00f3 espanyola, a la qual se sotmeten expressament les parts, sent competents per a la resoluci\u00f3 de tots els conflictes derivats o relacionats amb el seu \u00fas dels Jutjats i Tribunals m\u00e9s pr\u00f2xims.<\/p>\t\t\t\t\t\t\t\t<\/div>\n\t\t\t\t<\/div>\n\t\t\t\t\t<\/div>\n\t\t<\/div>\n\t\t\t\t\t<\/div>\n\t\t<\/section>\n\t\t\t\t<\/div>","protected":false},"excerpt":{"rendered":"<p>Av\u00eds legal Llei dels Serveis de la Societat de la Informaci\u00f3 (LSSI) Construcciones Moga Soluciones S.L., responsable del lloc web, d\u2019ara endavant RESPONSABLE, posa a la disposici\u00f3 dels usuaris el present document, amb el qual pret\u00e9n donar compliment a les obligacions disposades en la Llei 34\/2002, d\u201911 de juliol, de Serveis de la Societat de [&hellip;]<\/p>\n","protected":false},"author":2,"featured_media":0,"parent":0,"menu_order":0,"comment_status":"closed","ping_status":"closed","template":"elementor_header_footer","meta":{"footnotes":""},"class_list":["post-3","page","type-page","status-publish","hentry"],"yoast_head":"<!-- This site is optimized with the Yoast SEO plugin v27.4 - https:\/\/yoast.com\/product\/yoast-seo-wordpress\/ -->\n<title>Avis legal - Construcciones Moga Soluciones S.L.<\/title>\n<meta name=\"robots\" content=\"index, follow, max-snippet:-1, max-image-preview:large, max-video-preview:-1\" \/>\n<link rel=\"canonical\" href=\"https:\/\/construccionesmoga.com\/es\/avis-legal\/\" \/>\n<meta property=\"og:locale\" content=\"es_ES\" \/>\n<meta property=\"og:type\" content=\"article\" \/>\n<meta property=\"og:title\" content=\"Avis legal - Construcciones Moga Soluciones S.L.\" \/>\n<meta property=\"og:description\" content=\"Av\u00eds legal Llei dels Serveis de la Societat de la Informaci\u00f3 (LSSI) Construcciones Moga Soluciones S.L., responsable del lloc web, d\u2019ara endavant RESPONSABLE, posa a la disposici\u00f3 dels usuaris el present document, amb el qual pret\u00e9n donar compliment a les obligacions disposades en la Llei 34\/2002, d\u201911 de juliol, de Serveis de la Societat de [&hellip;]\" \/>\n<meta property=\"og:url\" content=\"https:\/\/construccionesmoga.com\/es\/avis-legal\/\" \/>\n<meta property=\"og:site_name\" content=\"Construcciones Moga Soluciones S.L.\" \/>\n<meta property=\"article:modified_time\" content=\"2023-06-05T11:54:49+00:00\" \/>\n<meta name=\"twitter:card\" content=\"summary_large_image\" \/>\n<meta name=\"twitter:label1\" content=\"Tiempo de lectura\" \/>\n\t<meta name=\"twitter:data1\" content=\"7 minutos\" \/>\n<script type=\"application\/ld+json\" class=\"yoast-schema-graph\">{\"@context\":\"https:\\\/\\\/schema.org\",\"@graph\":[{\"@type\":\"WebPage\",\"@id\":\"https:\\\/\\\/construccionesmoga.com\\\/avis-legal\\\/\",\"url\":\"https:\\\/\\\/construccionesmoga.com\\\/avis-legal\\\/\",\"name\":\"Avis legal - Construcciones Moga Soluciones S.L.\",\"isPartOf\":{\"@id\":\"https:\\\/\\\/construccionesmoga.com\\\/#website\"},\"datePublished\":\"2023-05-03T16:31:37+00:00\",\"dateModified\":\"2023-06-05T11:54:49+00:00\",\"breadcrumb\":{\"@id\":\"https:\\\/\\\/construccionesmoga.com\\\/avis-legal\\\/#breadcrumb\"},\"inLanguage\":\"es\",\"potentialAction\":[{\"@type\":\"ReadAction\",\"target\":[\"https:\\\/\\\/construccionesmoga.com\\\/avis-legal\\\/\"]}]},{\"@type\":\"BreadcrumbList\",\"@id\":\"https:\\\/\\\/construccionesmoga.com\\\/avis-legal\\\/#breadcrumb\",\"itemListElement\":[{\"@type\":\"ListItem\",\"position\":1,\"name\":\"Portada\",\"item\":\"https:\\\/\\\/construccionesmoga.com\\\/\"},{\"@type\":\"ListItem\",\"position\":2,\"name\":\"Avis legal\"}]},{\"@type\":\"WebSite\",\"@id\":\"https:\\\/\\\/construccionesmoga.com\\\/#website\",\"url\":\"https:\\\/\\\/construccionesmoga.com\\\/\",\"name\":\"Construcciones Moga Soluciones S.L.\",\"description\":\"Empresa de construcci\u00f3n\",\"publisher\":{\"@id\":\"https:\\\/\\\/construccionesmoga.com\\\/#organization\"},\"potentialAction\":[{\"@type\":\"SearchAction\",\"target\":{\"@type\":\"EntryPoint\",\"urlTemplate\":\"https:\\\/\\\/construccionesmoga.com\\\/?s={search_term_string}\"},\"query-input\":{\"@type\":\"PropertyValueSpecification\",\"valueRequired\":true,\"valueName\":\"search_term_string\"}}],\"inLanguage\":\"es\"},{\"@type\":\"Organization\",\"@id\":\"https:\\\/\\\/construccionesmoga.com\\\/#organization\",\"name\":\"Construcciones Moga Soluciones S.L.\",\"url\":\"https:\\\/\\\/construccionesmoga.com\\\/\",\"logo\":{\"@type\":\"ImageObject\",\"inLanguage\":\"es\",\"@id\":\"https:\\\/\\\/construccionesmoga.com\\\/#\\\/schema\\\/logo\\\/image\\\/\",\"url\":\"https:\\\/\\\/construccionesmoga.com\\\/wp-content\\\/uploads\\\/2023\\\/05\\\/Captura-de-Pantalla-2023-05-19-a-las-23.30.12.png\",\"contentUrl\":\"https:\\\/\\\/construccionesmoga.com\\\/wp-content\\\/uploads\\\/2023\\\/05\\\/Captura-de-Pantalla-2023-05-19-a-las-23.30.12.png\",\"width\":452,\"height\":226,\"caption\":\"Construcciones Moga Soluciones S.L.\"},\"image\":{\"@id\":\"https:\\\/\\\/construccionesmoga.com\\\/#\\\/schema\\\/logo\\\/image\\\/\"}}]}<\/script>\n<!-- \/ Yoast SEO plugin. -->","yoast_head_json":{"title":"Avis legal - Construcciones Moga Soluciones S.L.","robots":{"index":"index","follow":"follow","max-snippet":"max-snippet:-1","max-image-preview":"max-image-preview:large","max-video-preview":"max-video-preview:-1"},"canonical":"https:\/\/construccionesmoga.com\/es\/avis-legal\/","og_locale":"es_ES","og_type":"article","og_title":"Avis legal - Construcciones Moga Soluciones S.L.","og_description":"Av\u00eds legal Llei dels Serveis de la Societat de la Informaci\u00f3 (LSSI) Construcciones Moga Soluciones S.L., responsable del lloc web, d\u2019ara endavant RESPONSABLE, posa a la disposici\u00f3 dels usuaris el present document, amb el qual pret\u00e9n donar compliment a les obligacions disposades en la Llei 34\/2002, d\u201911 de juliol, de Serveis de la Societat de [&hellip;]","og_url":"https:\/\/construccionesmoga.com\/es\/avis-legal\/","og_site_name":"Construcciones Moga Soluciones S.L.","article_modified_time":"2023-06-05T11:54:49+00:00","twitter_card":"summary_large_image","twitter_misc":{"Tiempo de lectura":"7 minutos"},"schema":{"@context":"https:\/\/schema.org","@graph":[{"@type":"WebPage","@id":"https:\/\/construccionesmoga.com\/avis-legal\/","url":"https:\/\/construccionesmoga.com\/avis-legal\/","name":"Avis legal - Construcciones Moga Soluciones S.L.","isPartOf":{"@id":"https:\/\/construccionesmoga.com\/#website"},"datePublished":"2023-05-03T16:31:37+00:00","dateModified":"2023-06-05T11:54:49+00:00","breadcrumb":{"@id":"https:\/\/construccionesmoga.com\/avis-legal\/#breadcrumb"},"inLanguage":"es","potentialAction":[{"@type":"ReadAction","target":["https:\/\/construccionesmoga.com\/avis-legal\/"]}]},{"@type":"BreadcrumbList","@id":"https:\/\/construccionesmoga.com\/avis-legal\/#breadcrumb","itemListElement":[{"@type":"ListItem","position":1,"name":"Portada","item":"https:\/\/construccionesmoga.com\/"},{"@type":"ListItem","position":2,"name":"Avis legal"}]},{"@type":"WebSite","@id":"https:\/\/construccionesmoga.com\/#website","url":"https:\/\/construccionesmoga.com\/","name":"Construcciones Moga Soluciones S.L.","description":"Empresa de construcci\u00f3n","publisher":{"@id":"https:\/\/construccionesmoga.com\/#organization"},"potentialAction":[{"@type":"SearchAction","target":{"@type":"EntryPoint","urlTemplate":"https:\/\/construccionesmoga.com\/?s={search_term_string}"},"query-input":{"@type":"PropertyValueSpecification","valueRequired":true,"valueName":"search_term_string"}}],"inLanguage":"es"},{"@type":"Organization","@id":"https:\/\/construccionesmoga.com\/#organization","name":"Construcciones Moga Soluciones S.L.","url":"https:\/\/construccionesmoga.com\/","logo":{"@type":"ImageObject","inLanguage":"es","@id":"https:\/\/construccionesmoga.com\/#\/schema\/logo\/image\/","url":"https:\/\/construccionesmoga.com\/wp-content\/uploads\/2023\/05\/Captura-de-Pantalla-2023-05-19-a-las-23.30.12.png","contentUrl":"https:\/\/construccionesmoga.com\/wp-content\/uploads\/2023\/05\/Captura-de-Pantalla-2023-05-19-a-las-23.30.12.png","width":452,"height":226,"caption":"Construcciones Moga Soluciones S.L."},"image":{"@id":"https:\/\/construccionesmoga.com\/#\/schema\/logo\/image\/"}}]}},"_links":{"self":[{"href":"https:\/\/construccionesmoga.com\/es\/wp-json\/wp\/v2\/pages\/3","targetHints":{"allow":["GET"]}}],"collection":[{"href":"https:\/\/construccionesmoga.com\/es\/wp-json\/wp\/v2\/pages"}],"about":[{"href":"https:\/\/construccionesmoga.com\/es\/wp-json\/wp\/v2\/types\/page"}],"author":[{"embeddable":true,"href":"https:\/\/construccionesmoga.com\/es\/wp-json\/wp\/v2\/users\/2"}],"replies":[{"embeddable":true,"href":"https:\/\/construccionesmoga.com\/es\/wp-json\/wp\/v2\/comments?post=3"}],"version-history":[{"count":17,"href":"https:\/\/construccionesmoga.com\/es\/wp-json\/wp\/v2\/pages\/3\/revisions"}],"predecessor-version":[{"id":252,"href":"https:\/\/construccionesmoga.com\/es\/wp-json\/wp\/v2\/pages\/3\/revisions\/252"}],"wp:attachment":[{"href":"https:\/\/construccionesmoga.com\/es\/wp-json\/wp\/v2\/media?parent=3"}],"curies":[{"name":"wp","href":"https:\/\/api.w.org\/{rel}","templated":true}]}}